{"id":20744,"date":"2024-06-27T10:51:56","date_gmt":"2024-06-27T10:51:56","guid":{"rendered":"https:\/\/www.usatranslate.com\/blog-gestion-de-traducciones\/"},"modified":"2024-06-27T10:51:58","modified_gmt":"2024-06-27T10:51:58","slug":"blog-gestion-de-traducciones","status":"publish","type":"page","link":"https:\/\/www.usatranslate.com\/es\/blog-gestion-de-traducciones\/","title":{"rendered":"Blog &#8211; gesti\u00f3n de traducciones"},"content":{"rendered":"<div class=\"wpb-content-wrapper\"><p>[vc_row css_animation=&#8221;&#8221; row_type=&#8221;row&#8221; use_row_as_full_screen_section=&#8221;no&#8221; type=&#8221;full_width&#8221; angled_section=&#8221;no&#8221; text_align=&#8221;left&#8221; background_image_as_pattern=&#8221;without_pattern&#8221;][vc_column][vc_column_text]<div class=\"breadcrumbs\" typeof=\"BreadcrumbList\" vocab=\"https:\/\/schema.org\/\">\n    <!-- Breadcrumb NavXT 7.4.1 -->\n<span property=\"itemListElement\" typeof=\"ListItem\"><a property=\"item\" typeof=\"WebPage\" title=\"Go to USA Translate.\" href=\"https:\/\/www.usatranslate.com\/es\/\" class=\"home\"><span property=\"name\">Home<\/span><\/a><meta property=\"position\" content=\"1\"><\/span><\/div>\n[\/vc_column_text][\/vc_column][\/vc_row][vc_row css_animation=&#8221;&#8221; row_type=&#8221;row&#8221; use_row_as_full_screen_section=&#8221;no&#8221; type=&#8221;grid&#8221; angled_section=&#8221;no&#8221; text_align=&#8221;center&#8221; background_image_as_pattern=&#8221;without_pattern&#8221; css=&#8221;.vc_custom_1470396355794{margin-top: 50px !important;border-bottom-width: 50px !important;}&#8221;][vc_column][vc_column_text]<\/p>\n<h1 style=\"text-align: center;\"><span style=\"color: #99cc00;\">Blog de servicios de traducci\u00f3n<\/span><\/h1>\n<h2 style=\"text-align: center;\"><span style=\"color: #99cc00;\">El blog USA Translate se adentra en las entra\u00f1as de la industria de la traducci\u00f3n.<\/span><\/h2>\n<p>[\/vc_column_text][vc_empty_space height=&#8221;50px&#8221;][vc_column_text]<\/p>\n<p style=\"text-align: center;\"><a href=\"https:\/\/www.usatranslate.com\/es\/\">USA Translate<\/a> es una de las mejores agencias de traducci\u00f3n que encontrar\u00e1s en Texas. Texas tiene una econom\u00eda en crecimiento y un sector empresarial en r\u00e1pida expansi\u00f3n, pero la exposici\u00f3n a las lenguas internacionales es algo que nunca ha sido un fuerte del estado. Texas tiene una importante poblaci\u00f3n latina, por lo que encontrar\u00e1s hispanohablantes en la zona, pero ni siquiera ellos son traductores especialmente competentes. Si necesitas <a href=\"https:\/\/www.usatranslate.com\/es\/servicios-de-traduccion-y-localizacion\/\">servicios de traducci\u00f3n<\/a> para negocios o para inmigraci\u00f3n, proporcionamos traducciones precisas para cualquier tipo de documentos en cualquier campo, a algunas de las tarifas m\u00e1s bajas que puedas encontrar.<\/p>\n<p>[\/vc_column_text][\/vc_column][\/vc_row][vc_row css_animation=&#8221;&#8221; row_type=&#8221;row&#8221; use_row_as_full_screen_section=&#8221;no&#8221; type=&#8221;grid&#8221; angled_section=&#8221;no&#8221; text_align=&#8221;left&#8221; background_image_as_pattern=&#8221;without_pattern&#8221;][vc_column][vc_empty_space][vc_row_inner row_type=&#8221;row&#8221; type=&#8221;grid&#8221; text_align=&#8221;left&#8221; css_animation=&#8221;&#8221; el_class=&#8221;dtp_row4&#8243;][vc_column_inner width=&#8221;1\/3&#8243;][vc_single_image image=&#8221;10406&#8243; alignment=&#8221;center&#8221; qode_css_animation=&#8221;&#8221; title=&#8221;Cualquier tipo de documento&#8221;][vc_column_text]Trabajamos con m\u00e1s de 3.000 traductores especializados y tratamos cualquier tipo de documento. Desde documentos generales a empresariales, t\u00e9cnicos o m\u00e9dicos, o personales, tenemos traductores para cualquier campo o idioma.[\/vc_column_text][\/vc_column_inner][vc_column_inner width=&#8221;1\/3&#8243;][vc_single_image image=&#8221;10408&#8243; alignment=&#8221;center&#8221; qode_css_animation=&#8221;&#8221; title=&#8221;Disponible 24 horas al d\u00eda, 7 d\u00edas a la semana&#8221;][vc_column_text]\u00a1Estamos siempre disponibles! De d\u00eda y de noche o durante el fin de semana, puedes ponerte en contacto con nosotros en cualquier momento por correo electr\u00f3nico, tel\u00e9fono o chat en directo, y responderemos a cualquiera de tus preguntas o te enviaremos un presupuesto gratuito.[\/vc_column_text][\/vc_column_inner][vc_column_inner width=&#8221;1\/3&#8243;][vc_single_image image=&#8221;10410&#8243; alignment=&#8221;center&#8221; qode_css_animation=&#8221;&#8221; title=&#8221;Barato pero preciso&#8221;][vc_column_text]Si necesitas servicios de traducci\u00f3n baratos pero precisos para cualquier fin, ponte en contacto con nosotros y solicita tu presupuesto gratuito. No te cuesta nada y no conlleva ninguna obligaci\u00f3n. T\u00f3malo o d\u00e9jalo.[\/vc_column_text][\/vc_column_inner][\/vc_row_inner][vc_empty_space][\/vc_column][\/vc_row][vc_row css_animation=&#8221;&#8221; row_type=&#8221;row&#8221; use_row_as_full_screen_section=&#8221;no&#8221; type=&#8221;grid&#8221; angled_section=&#8221;no&#8221; text_align=&#8221;left&#8221; background_image_as_pattern=&#8221;without_pattern&#8221; el_class=&#8221;dtp_row2&#8243;][vc_column width=&#8221;2\/3&#8243;][vc_empty_space][vc_column_text]<\/p>\n<h3 style=\"text-align: center; color: #99cc00;\">Traducci\u00f3n precisa para cualquier idioma<\/h3>\n<p>Cuando se trata de otras lenguas del mundo, los servicios de traducci\u00f3n local carecen de disponibilidad en pr\u00e1cticamente todo el planeta. Las agencias de traducci\u00f3n situadas en Texas traducen, en el mejor de los casos, las principales lenguas europeas, sin ofrecer una verdadera gama de diversidad ling\u00fc\u00edstica.<\/p>\n<p>Traducimos de y a casi <a href=\"https:\/\/www.usatranslate.com\/es\/idiomas-disponibles-para-traduccion\/\">todas las lenguas principales<\/a> del mundo. Todos los traductores que tenemos son profesionales y s\u00f3lo pueden traducir a su lengua materna. Adem\u00e1s, nuestros traductores est\u00e1n altamente cualificados y son supervisados de cerca. Contamos con traductores de todo el mundo que trabajan con nosotros como traductores, revisores, editores y en otras funciones diversas. Ampl\u00edan nuestros horizontes y dan fuerza a nuestra agencia.<\/p>\n<p>Siempre asignamos 2 traductores diferentes para traducir y revisar, de modo que no haya errores en la traducci\u00f3n. A continuaci\u00f3n, nuestro equipo de control de calidad se asegura de que la traducci\u00f3n es exacta antes de entregarla al cliente.<\/p>\n<p>Somos una <a href=\"https:\/\/www.usatranslate.com\/es\/calidad-y-tarifas\/what-does-iso-stand-for\/\">agencia de traducci\u00f3n con certificaci\u00f3n ISO<\/a>, lo que significa que hacemos todo lo posible para que nuestros clientes est\u00e9n satisfechos con las traducciones que les proporcionamos, entre otras cosas. Esperamos que estos factores te hagan darte cuenta de que somos la mejor agencia de traducci\u00f3n para cualquier traducci\u00f3n de contenidos que planees en el futuro. El blog USA Translate est\u00e1 aqu\u00ed para ayudarte con m\u00e1s informaci\u00f3n.[\/vc_column_text][\/vc_column][vc_column width=&#8221;1\/3&#8243;][vc_empty_space][vc_single_image image=&#8221;10412&#8243; img_size=&#8221;medium&#8221; alignment=&#8221;center&#8221; qode_css_animation=&#8221;&#8221;][\/vc_column][\/vc_row][vc_row css_animation=&#8221;&#8221; row_type=&#8221;row&#8221; use_row_as_full_screen_section=&#8221;no&#8221; type=&#8221;grid&#8221; angled_section=&#8221;no&#8221; text_align=&#8221;left&#8221; background_image_as_pattern=&#8221;without_pattern&#8221; el_class=&#8221;dtp_row2&#8243;][vc_column width=&#8221;1\/4&#8243;][vc_empty_space][vc_single_image image=&#8221;11728&#8243; img_size=&#8221;medium&#8221; alignment=&#8221;center&#8221; qode_css_animation=&#8221;&#8221;][\/vc_column][vc_column width=&#8221;3\/4&#8243;][vc_empty_space][vc_column_text]<\/p>\n<h3 style=\"text-align: center; color: #99cc00;\">Blog de servicios de traducci\u00f3n<\/h3>\n<p>La era de la informaci\u00f3n sigue lanz\u00e1ndonos herramientas excelentes de vez en cuando. Empez\u00f3 con Internet y luego vinieron el correo electr\u00f3nico, la mensajer\u00eda, las redes sociales&#8230; ha habido tantos avances en el proceso, que uno de los grandes modernos es el blog.<\/p>\n<p>Si buscas blogs educativos e informativos repletos de noticias, consejos y trucos sobre traducci\u00f3n, el blog de servicios de traducci\u00f3n de USA Translate es una buena elecci\u00f3n. Estos blogs de traducci\u00f3n est\u00e1n orientados predominantemente a todo lo relacionado con los servicios de traducci\u00f3n, pero el contenido es lo suficientemente fresco para casi todo el mundo. Con entradas de profesionales, este blog est\u00e1 lleno de contenidos atractivos.<\/p>\n<p>La traducci\u00f3n es un campo en el que no hay blog de baja calidad. En traducci\u00f3n, generalmente nos preocupamos por la precisi\u00f3n y la calidad. Nos preocupamos por la lengua y el dialecto, y nuestro objetivo es crear blogs de servicios de traducci\u00f3n \u00fatiles y de alta calidad. M\u00e1s centrados en las agencias de traducci\u00f3n humana, los aut\u00f3nomos y los clientes, estos blogs son perfectos para quienes desean una ventanilla \u00fanica de consejos, trucos y noticias sobre traducci\u00f3n. Con actualizaciones frecuentes, este blog ofrece un flujo constante de contenidos de calidad. Aunque varias de las entradas est\u00e1n escritas con un enfoque de traducci\u00f3n jurada, hay contenido para todos.[\/vc_column_text][vc_empty_space][\/vc_column][\/vc_row][vc_row css_animation=&#8221;&#8221; row_type=&#8221;row&#8221; use_row_as_full_screen_section=&#8221;no&#8221; type=&#8221;full_width&#8221; angled_section=&#8221;no&#8221; text_align=&#8221;left&#8221; background_image_as_pattern=&#8221;without_pattern&#8221;][vc_column][vc_empty_space][vc_column_text]<\/p>\n<h2 style=\"text-align: center;\"><span style=\"color: #99cc00;\">Blog USA Translate<\/span><\/h2>\n<p>[\/vc_column_text][vc_empty_space][\/vc_column][\/vc_row]<\/p>\n<\/div>","protected":false},"excerpt":{"rendered":"<p>[vc_row css_animation=&#8221;&#8221; row_type=&#8221;row&#8221; use_row_as_full_screen_section=&#8221;no&#8221; type=&#8221;full_width&#8221; angled_section=&#8221;no&#8221; text_align=&#8221;left&#8221; background_image_as_pattern=&#8221;without_pattern&#8221;][vc_column][vc_column_text][\/vc_column_text][\/vc_column][\/vc_row][vc_row css_animation=&#8221;&#8221; row_type=&#8221;row&#8221; use_row_as_full_screen_section=&#8221;no&#8221; type=&#8221;grid&#8221; angled_section=&#8221;no&#8221; text_align=&#8221;center&#8221; background_image_as_pattern=&#8221;without_pattern&#8221; css=&#8221;.vc_custom_1470396355794{margin-top: 50px !important;border-bottom-width: 50px !important;}&#8221;][vc_column][vc_column_text] Blog de servicios de traducci\u00f3n El blog USA Translate se&#8230;<\/p>\n","protected":false},"author":1,"featured_media":0,"parent":0,"menu_order":0,"comment_status":"open","ping_status":"open","template":"blog-masonry-date-in-image.php","meta":{"_acf_changed":false,"footnotes":""},"class_list":["post-20744","page","type-page","status-publish","hentry"],"acf":[],"yoast_head":"<!-- This site is optimized with the Yoast SEO Premium plugin v25.7.1 (Yoast SEO v25.7) - https:\/\/yoast.com\/wordpress\/plugins\/seo\/ -->\n<title>USA Translate blog - noticias del blog de servicios de traducci\u00f3n -<\/title>\n<meta name=\"description\" content=\"El blog de USA Translate ofrece noticias sobre nuestra empresa de traducci\u00f3n. El blog de servicios de traducci\u00f3n echa un vistazo a la la industria de la traducci\u00f3n\" class=\"yoast-seo-meta-tag\" \/>\n<meta name=\"robots\" content=\"index, follow, max-snippet:-1, max-image-preview:large, max-video-preview:-1\" \/>\n<link rel=\"canonical\" href=\"https:\/\/www.usatranslate.com\/es\/blog-gestion-de-traducciones\/\" class=\"yoast-seo-meta-tag\" \/>\n<meta property=\"og:locale\" content=\"es_ES\" class=\"yoast-seo-meta-tag\" \/>\n<meta property=\"og:type\" content=\"article\" class=\"yoast-seo-meta-tag\" \/>\n<meta property=\"og:title\" content=\"Blog - gesti\u00f3n de traducciones\" class=\"yoast-seo-meta-tag\" \/>\n<meta property=\"og:description\" content=\"Blog de servicios de traducci\u00f3n El blog USA Translate se adentra en las entra\u00f1as de la industria de la traducci\u00f3n. USA Translate es una de las mejores\" class=\"yoast-seo-meta-tag\" \/>\n<meta property=\"og:url\" content=\"https:\/\/www.usatranslate.com\/es\/blog-gestion-de-traducciones\/\" class=\"yoast-seo-meta-tag\" \/>\n<meta property=\"og:site_name\" content=\"USA Translate\" class=\"yoast-seo-meta-tag\" \/>\n<meta property=\"article:publisher\" content=\"https:\/\/www.facebook.com\/USAtranslate\" class=\"yoast-seo-meta-tag\" \/>\n<meta property=\"article:modified_time\" content=\"2024-06-27T10:51:58+00:00\" class=\"yoast-seo-meta-tag\" \/>\n<meta property=\"og:image\" content=\"https:\/\/www.usatranslate.com\/wp-content\/uploads\/2013\/02\/logo-usa-translate-march-20122.png\" class=\"yoast-seo-meta-tag\" \/>\n\t<meta property=\"og:image:width\" content=\"452\" class=\"yoast-seo-meta-tag\" \/>\n\t<meta property=\"og:image:height\" content=\"280\" class=\"yoast-seo-meta-tag\" \/>\n\t<meta property=\"og:image:type\" content=\"image\/png\" class=\"yoast-seo-meta-tag\" \/>\n<meta name=\"twitter:card\" content=\"summary_large_image\" class=\"yoast-seo-meta-tag\" \/>\n<meta name=\"twitter:site\" content=\"@UsaTranslate\" class=\"yoast-seo-meta-tag\" \/>\n<meta name=\"twitter:label1\" content=\"Tiempo de lectura\" class=\"yoast-seo-meta-tag\" \/>\n\t<meta name=\"twitter:data1\" content=\"6 minutos\" class=\"yoast-seo-meta-tag\" \/>\n<!-- \/ Yoast SEO Premium plugin. -->","yoast_head_json":{"title":"USA Translate blog - noticias del blog de servicios de traducci\u00f3n -","description":"El blog de USA Translate ofrece noticias sobre nuestra empresa de traducci\u00f3n. El blog de servicios de traducci\u00f3n echa un vistazo a la la industria de la traducci\u00f3n","robots":{"index":"index","follow":"follow","max-snippet":"max-snippet:-1","max-image-preview":"max-image-preview:large","max-video-preview":"max-video-preview:-1"},"canonical":"https:\/\/www.usatranslate.com\/es\/blog-gestion-de-traducciones\/","og_locale":"es_ES","og_type":"article","og_title":"Blog - gesti\u00f3n de traducciones","og_description":"Blog de servicios de traducci\u00f3n El blog USA Translate se adentra en las entra\u00f1as de la industria de la traducci\u00f3n. USA Translate es una de las mejores","og_url":"https:\/\/www.usatranslate.com\/es\/blog-gestion-de-traducciones\/","og_site_name":"USA Translate","article_publisher":"https:\/\/www.facebook.com\/USAtranslate","article_modified_time":"2024-06-27T10:51:58+00:00","og_image":[{"width":452,"height":280,"url":"https:\/\/www.usatranslate.com\/wp-content\/uploads\/2013\/02\/logo-usa-translate-march-20122.png","type":"image\/png"}],"twitter_card":"summary_large_image","twitter_site":"@UsaTranslate","twitter_misc":{"Tiempo de lectura":"6 minutos"},"schema":{"@context":"https:\/\/schema.org","@graph":[{"@type":"WebPage","@id":"https:\/\/www.usatranslate.com\/es\/blog-gestion-de-traducciones\/","url":"https:\/\/www.usatranslate.com\/es\/blog-gestion-de-traducciones\/","name":"USA Translate blog - noticias del blog de servicios de traducci\u00f3n -","isPartOf":{"@id":"https:\/\/www.usatranslate.com\/es\/#website"},"datePublished":"2024-06-27T10:51:56+00:00","dateModified":"2024-06-27T10:51:58+00:00","description":"El blog de USA Translate ofrece noticias sobre nuestra empresa de traducci\u00f3n. El blog de servicios de traducci\u00f3n echa un vistazo a la la industria de la traducci\u00f3n","breadcrumb":{"@id":"https:\/\/www.usatranslate.com\/es\/blog-gestion-de-traducciones\/#breadcrumb"},"inLanguage":"es","potentialAction":[{"@type":"ReadAction","target":["https:\/\/www.usatranslate.com\/es\/blog-gestion-de-traducciones\/"]}]},{"@type":"BreadcrumbList","@id":"https:\/\/www.usatranslate.com\/es\/blog-gestion-de-traducciones\/#breadcrumb","itemListElement":[{"@type":"ListItem","position":1,"name":"Home","item":"https:\/\/www.usatranslate.com\/es\/"},{"@type":"ListItem","position":2,"name":"Blog &#8211; gesti\u00f3n de traducciones"}]},{"@type":"WebSite","@id":"https:\/\/www.usatranslate.com\/es\/#website","url":"https:\/\/www.usatranslate.com\/es\/","name":"USA Translate","description":"Agencia de servicios de traducci\u00f3n de calidad","publisher":{"@id":"https:\/\/www.usatranslate.com\/es\/#organization"},"potentialAction":[{"@type":"SearchAction","target":{"@type":"EntryPoint","urlTemplate":"https:\/\/www.usatranslate.com\/es\/?s={search_term_string}"},"query-input":{"@type":"PropertyValueSpecification","valueRequired":true,"valueName":"search_term_string"}}],"inLanguage":"es"},{"@type":"Organization","@id":"https:\/\/www.usatranslate.com\/es\/#organization","name":"USA Translate","url":"https:\/\/www.usatranslate.com\/es\/","logo":{"@type":"ImageObject","inLanguage":"es","@id":"https:\/\/www.usatranslate.com\/es\/#\/schema\/logo\/image\/","url":"https:\/\/www.usatranslate.com\/wp-content\/uploads\/2016\/06\/usatranslate-logo.png","contentUrl":"https:\/\/www.usatranslate.com\/wp-content\/uploads\/2016\/06\/usatranslate-logo.png","width":512,"height":512,"caption":"USA Translate"},"image":{"@id":"https:\/\/www.usatranslate.com\/es\/#\/schema\/logo\/image\/"},"sameAs":["https:\/\/www.facebook.com\/USAtranslate","https:\/\/x.com\/UsaTranslate","https:\/\/www.instagram.com\/usatranslate","https:\/\/www.linkedin.com\/company\/usa-translate","https:\/\/www.pinterest.com\/usatranslate01","https:\/\/www.youtube.com\/c\/Usatranslate"]}]}},"_links":{"self":[{"href":"https:\/\/www.usatranslate.com\/es\/wp-json\/wp\/v2\/pages\/20744","targetHints":{"allow":["GET"]}}],"collection":[{"href":"https:\/\/www.usatranslate.com\/es\/wp-json\/wp\/v2\/pages"}],"about":[{"href":"https:\/\/www.usatranslate.com\/es\/wp-json\/wp\/v2\/types\/page"}],"author":[{"embeddable":true,"href":"https:\/\/www.usatranslate.com\/es\/wp-json\/wp\/v2\/users\/1"}],"replies":[{"embeddable":true,"href":"https:\/\/www.usatranslate.com\/es\/wp-json\/wp\/v2\/comments?post=20744"}],"version-history":[{"count":3,"href":"https:\/\/www.usatranslate.com\/es\/wp-json\/wp\/v2\/pages\/20744\/revisions"}],"predecessor-version":[{"id":20750,"href":"https:\/\/www.usatranslate.com\/es\/wp-json\/wp\/v2\/pages\/20744\/revisions\/20750"}],"wp:attachment":[{"href":"https:\/\/www.usatranslate.com\/es\/wp-json\/wp\/v2\/media?parent=20744"}],"curies":[{"name":"wp","href":"https:\/\/api.w.org\/{rel}","templated":true}]}}