{"id":21302,"date":"2024-06-28T08:49:22","date_gmt":"2024-06-28T08:49:22","guid":{"rendered":"https:\/\/www.usatranslate.com\/pagar-facturas-2\/"},"modified":"2024-06-28T08:49:23","modified_gmt":"2024-06-28T08:49:23","slug":"pagar-facturas-2","status":"publish","type":"page","link":"https:\/\/www.usatranslate.com\/es\/pagar-facturas-2\/","title":{"rendered":"Pagar facturas"},"content":{"rendered":"<div class=\"wpb-content-wrapper\"><p>[vc_row css_animation=&#8221;&#8221; row_type=&#8221;row&#8221; use_row_as_full_screen_section=&#8221;no&#8221; type=&#8221;grid&#8221; angled_section=&#8221;no&#8221; text_align=&#8221;left&#8221; background_image_as_pattern=&#8221;without_pattern&#8221; el_class=&#8221;contactForm_row&#8221; z_index=&#8221;&#8221;][vc_column][vc_column_text]<div class=\"breadcrumbs\" typeof=\"BreadcrumbList\" vocab=\"https:\/\/schema.org\/\">\n    <!-- Breadcrumb NavXT 7.4.1 -->\n<span property=\"itemListElement\" typeof=\"ListItem\"><a property=\"item\" typeof=\"WebPage\" title=\"Go to USA Translate.\" href=\"https:\/\/www.usatranslate.com\/es\/\" class=\"home\"><span property=\"name\">Home<\/span><\/a><meta property=\"position\" content=\"1\"><\/span><\/div>\n[\/vc_column_text][vc_column_text]<\/p>\n<h1 style=\"text-align: center;\"><span style=\"color: #99cc00;\">Paga tu factura<\/span><\/h1>\n<p>[\/vc_column_text][\/vc_column][\/vc_row][vc_row css_animation=&#8221;&#8221; row_type=&#8221;row&#8221; use_row_as_full_screen_section=&#8221;no&#8221; type=&#8221;full_width&#8221; angled_section=&#8221;no&#8221; text_align=&#8221;left&#8221; background_image_as_pattern=&#8221;without_pattern&#8221;][vc_column][vc_column_text]<\/p>\n<p>[\/vc_column_text][\/vc_column][\/vc_row][vc_row css_animation=&#8221;&#8221; row_type=&#8221;row&#8221; use_row_as_full_screen_section=&#8221;no&#8221; type=&#8221;grid&#8221; angled_section=&#8221;no&#8221; text_align=&#8221;left&#8221; background_image_as_pattern=&#8221;without_pattern&#8221;][vc_column][vc_column_text]<\/p>\n<p style=\"text-align: center;\">USA Translate dispone de excelentes m\u00e9todos de pago para sus clientes. Somos una <a href=\"https:\/\/www.usatranslate.com\/es\/quienes-somos\/\">empresa de traducci\u00f3n<\/a> internacional y sabemos lo complicado que puede ser para ti pagar tu factura. Somos plenamente conscientes de las complicaciones que conlleva hacer negocios con una agencia de traducci\u00f3n con sede en Estados Unidos, a veces muy lejos de tu propia tierra. No todo el mundo tiene a mano una visa o tarjetas de cr\u00e9dito.<\/p>\n<p>[\/vc_column_text][vc_empty_space][vc_row_inner row_type=&#8221;row&#8221; type=&#8221;grid&#8221; text_align=&#8221;left&#8221; css_animation=&#8221;&#8221; el_class=&#8221;dtp_row4&#8243;][vc_column_inner width=&#8221;1\/3&#8243;][vc_single_image image=&#8221;9196&#8243; alignment=&#8221;center&#8221; qode_css_animation=&#8221;&#8221; title=&#8221;Paga tu factura&#8221;][vc_column_text]<\/p>\n<p style=\"text-align: center;\">USA Translate utiliza transacciones online r\u00e1pidas y seguras en d\u00f3lares porque elimina de la ecuaci\u00f3n muchas cuestiones complicadas, como el valor de la moneda, los horarios de los bancos y las pol\u00edticas de \u00e9stos en las transacciones internacionales. Ofrece una v\u00eda abierta para completar tus transacciones y cumplir tus promesas financieras. Todos sabemos que tu palabra vale tanto como un v\u00ednculo en los negocios y, si vas a conseguir una presencia internacional, entonces vas a necesitar estar dispuesto a cumplir todas y cada una de las promesas que hagas a tus clientes internacionales. Por eso estamos aqu\u00ed para asegurarnos de que no tengas ning\u00fan problema a la hora de pagar tus necesidades de traducci\u00f3n.<\/p>\n<p>[\/vc_column_text][\/vc_column_inner][vc_column_inner width=&#8221;1\/3&#8243;][vc_single_image image=&#8221;9198&#8243; alignment=&#8221;center&#8221; qode_css_animation=&#8221;&#8221; title=&#8221;Seguridad&#8221;][vc_column_text]<\/p>\n<p style=\"text-align: center;\">Los pagos realizados a trav\u00e9s de PayPal son cien por cien seguros. Una vez m\u00e1s, la reputaci\u00f3n de este sitio web le precede. El sitio web ha sido utilizado ampliamente por varias empresas internacionales para sus transacciones y ninguna de ellas ha denunciado robo de ning\u00fan tipo en ninguna parte. El pago de la traducci\u00f3n que tienes que hacer para pagar tu factura es seguro. Las facturas de traducci\u00f3n son a veces grandes cifras y tienes que asegurarte de que el dinero que nos env\u00edas con tanto esfuerzo est\u00e1 a salvo. Por eso <a href=\"https:\/\/www.usatranslate.com\/es\/\">USA Translate<\/a> utiliza PayPal, porque tiene una red incre\u00edblemente segura. La seguridad que conlleva el uso de PayPal es un nombre en s\u00ed mismo y se considera irrefutable.<\/p>\n<p>[\/vc_column_text][\/vc_column_inner][vc_column_inner width=&#8221;1\/3&#8243;][vc_single_image image=&#8221;9227&#8243; alignment=&#8221;center&#8221; qode_css_animation=&#8221;&#8221; title=&#8221;Facilidad de pago&#8221;][vc_column_text]<\/p>\n<p style=\"text-align: center;\">Nuestras facturas son f\u00e1ciles de pagar con PayPal o con una tarjeta de cr\u00e9dito como Visa o MasterCard. Para nuestros clientes europeos tambi\u00e9n hemos a\u00f1adido Ideal y Bancontact, ya que les puede resultar m\u00e1s f\u00e1cil utilizar un procesador de pagos europeo. Esto hace que el m\u00e9todo de pago sea un \u00e9xito porque no hay terceras partes implicadas. La \u00fanica parte implicada es un sitio web famoso por su credibilidad y seguridad y, por tanto, un socio s\u00f3lido y fiable para las interacciones financieras. Ten por seguro que todas tus transacciones van al procesador de pagos en una conexi\u00f3n altamente encriptada y que tu dinero est\u00e1 en buenas manos con USA Translate. \u00a1Ven a vernos ahora!<\/p>\n<p>[\/vc_column_text][\/vc_column_inner][\/vc_row_inner][\/vc_column][\/vc_row][vc_row css_animation=&#8221;&#8221; row_type=&#8221;row&#8221; use_row_as_full_screen_section=&#8221;no&#8221; type=&#8221;grid&#8221; angled_section=&#8221;no&#8221; text_align=&#8221;left&#8221; background_image_as_pattern=&#8221;without_pattern&#8221;][vc_column width=&#8221;2\/3&#8243;][vc_empty_space][vc_column_text]<\/p>\n<h3 style=\"text-align: left;\"><span style=\"color: #99cc00;\">Formas f\u00e1ciles y seguras de pagar tu factura<\/span><\/h3>\n<p>Muchos de vosotros dirig\u00eds negocios de \u00e9xito que todav\u00eda est\u00e1n en pa\u00edses que no comparten los m\u00e9todos de pago con tarjeta de cr\u00e9dito de EEUU. E incluso si lo hacen, la cantidad de dinero que hay que manejar para equilibrar una tarjeta de cr\u00e9dito es injusta para muchas naciones cuando su moneda est\u00e1 incre\u00edblemente devaluada en comparaci\u00f3n con los d\u00f3lares estadounidenses. Muchos de los clientes de USA Translate se encuentran en una situaci\u00f3n en la que no tienen suficiente dinero para equilibrar un sistema de ahorro financiero que est\u00e1 inherentemente dise\u00f1ado en d\u00f3lares, por lo que s\u00f3lo es suficiente para ellos.<\/p>\n<p>Con esto en mente, hemos a\u00f1adido PayPal como nuestro principal procesador de pagos para que tengas una forma de conectar con nosotros y pagar tu factura. Se trata de una forma sencilla de interacci\u00f3n financiera al realizar el pago de tu traducci\u00f3n. Millones de personas de todo el mundo utilizan esta empresa para realizar sus transacciones financieras de forma r\u00e1pida y sencilla. Su sitio web siempre ha funcionado perfectamente y nunca ha habido quejas en el pasado. S\u00f3lo tendr\u00e1s que conectar el sitio web con tu propia cuenta en casa y asegurarte de que mantienes la cantidad requerida en tu cuenta bancaria. Utilizar\u00e1s esta cantidad siempre que necesites realizar transacciones financieras, ahora o en el futuro.[\/vc_column_text][\/vc_column][vc_column width=&#8221;1\/3&#8243;][vc_empty_space][vc_empty_space][vc_single_image image=&#8221;9229&#8243; img_size=&#8221;253&#215;253&#8243; alignment=&#8221;center&#8221; qode_css_animation=&#8221;&#8221;][\/vc_column][\/vc_row][vc_row css_animation=&#8221;&#8221; row_type=&#8221;row&#8221; use_row_as_full_screen_section=&#8221;no&#8221; type=&#8221;grid&#8221; angled_section=&#8221;no&#8221; text_align=&#8221;left&#8221; background_image_as_pattern=&#8221;without_pattern&#8221;][vc_column width=&#8221;1\/4&#8243;][vc_empty_space][vc_empty_space][vc_single_image image=&#8221;11731&#8243; img_size=&#8221;253&#215;253&#8243; alignment=&#8221;center&#8221; qode_css_animation=&#8221;&#8221;][\/vc_column][vc_column width=&#8221;3\/4&#8243;][vc_empty_space][vc_column_text]<\/p>\n<h3 style=\"text-align: left;\"><span style=\"color: #99cc00;\">Paga tu factura de traducci\u00f3n a continuaci\u00f3n<\/span><\/h3>\n<p>Hoy en d\u00eda, el pago online est\u00e1 disponible en todas partes y es cada vez m\u00e1s habitual. Para los traductores y propietarios de peque\u00f1as empresas, Paga tu factura es una opci\u00f3n \u00fatil que a\u00f1ade un nivel de profesionalidad y tranquilidad para los clientes.<\/p>\n<p>Hoy en d\u00eda existen varios m\u00e9todos de pago. En USA Translate, nos comprometemos a ofrecer a nuestros clientes lo \u00faltimo en tecnolog\u00eda y funciones de facturaci\u00f3n y contabilidad. Te ofrecemos lo m\u00e1s sencillo. El pago es una parte importante del negocio porque entendemos que es ah\u00ed donde vas a separar el dinero que tanto te ha costado ganar, y quieres pagarlo de la mejor manera y en el lugar correcto.<\/p>\n<p>Te ofrecemos varios m\u00e9todos para pagarnos mediante una serie de tarjetas de cr\u00e9dito. Puedes pagarnos a trav\u00e9s de PayPal, y puedes pagarnos a trav\u00e9s de Ideal o Bancontact. Si trabajas con USA Translate, ver\u00e1s que cada factura ofrece una opci\u00f3n de pago inmediato y llevar\u00e1 al cliente al m\u00e9todo de pago online que hayas seleccionado.<\/p>\n<p>Los peque\u00f1os logotipos de la parte inferior del sitio web son algo m\u00e1s que una simple decoraci\u00f3n. Indican a nuestros clientes que pueden elegir pagar su factura mediante PayPal o con tarjeta de cr\u00e9dito o Bancontact.[\/vc_column_text][\/vc_column][\/vc_row][vc_row css_animation=&#8221;&#8221; row_type=&#8221;row&#8221; use_row_as_full_screen_section=&#8221;yes&#8221; type=&#8221;full_width&#8221; angled_section=&#8221;no&#8221; text_align=&#8221;left&#8221; background_image_as_pattern=&#8221;without_pattern&#8221;][vc_column][vc_empty_space]<div class=\"call_to_action normal\" style=\"\"><div class=\"container_inner\"><div class=\"two_columns_75_25 clearfix\"><div class=\"text_wrapper column1\"><div class=\"call_to_action_text \" style=\"\">\u00bfNecesitas ayuda con tu pago?<\/div><\/div><div class=\"button_wrapper column2\"><a itemprop=\"url\" href=\"https:\/\/www.usatranslate.com\/chat-popup\/\" class=\"qbutton white \" target=\"_blank\" style=\"\" >Chat en directo<\/a><\/div><\/div><\/div><\/div>[vc_empty_space][\/vc_column][\/vc_row]<\/p>\n<\/div>","protected":false},"excerpt":{"rendered":"<p>[vc_row css_animation=&#8221;&#8221; row_type=&#8221;row&#8221; use_row_as_full_screen_section=&#8221;no&#8221; type=&#8221;grid&#8221; angled_section=&#8221;no&#8221; text_align=&#8221;left&#8221; background_image_as_pattern=&#8221;without_pattern&#8221; el_class=&#8221;contactForm_row&#8221; z_index=&#8221;&#8221;][vc_column][vc_column_text][\/vc_column_text][vc_column_text] Paga tu factura [\/vc_column_text][\/vc_column][\/vc_row][vc_row css_animation=&#8221;&#8221; row_type=&#8221;row&#8221; use_row_as_full_screen_section=&#8221;no&#8221; type=&#8221;full_width&#8221; angled_section=&#8221;no&#8221; text_align=&#8221;left&#8221; background_image_as_pattern=&#8221;without_pattern&#8221;][vc_column][vc_column_text] [\/vc_column_text][\/vc_column][\/vc_row][vc_row css_animation=&#8221;&#8221; row_type=&#8221;row&#8221; use_row_as_full_screen_section=&#8221;no&#8221; type=&#8221;grid&#8221; angled_section=&#8221;no&#8221; text_align=&#8221;left&#8221; background_image_as_pattern=&#8221;without_pattern&#8221;][vc_column][vc_column_text] USA&#8230;<\/p>\n","protected":false},"author":1,"featured_media":7145,"parent":0,"menu_order":0,"comment_status":"open","ping_status":"open","template":"payment-page-dev.php","meta":{"_acf_changed":false,"footnotes":""},"class_list":["post-21302","page","type-page","status-publish","has-post-thumbnail","hentry"],"acf":[],"yoast_head":"<!-- This site is optimized with the Yoast SEO Premium plugin v25.7.1 (Yoast SEO v25.7) - https:\/\/yoast.com\/wordpress\/plugins\/seo\/ -->\n<title>Paga tu factura para garantizar transacciones fluidas<\/title>\n<meta name=\"description\" content=\"Paga de forma segura tu factura de USA Translate con PayPal, tarjetas de cr\u00e9dito, Ideal o Bancontact a trav\u00e9s de los mejores procesadores de pagos.\" class=\"yoast-seo-meta-tag\" \/>\n<meta name=\"robots\" content=\"index, follow, max-snippet:-1, max-image-preview:large, max-video-preview:-1\" \/>\n<link rel=\"canonical\" href=\"https:\/\/www.usatranslate.com\/es\/pagar-facturas-2\/\" class=\"yoast-seo-meta-tag\" \/>\n<meta property=\"og:locale\" content=\"es_ES\" class=\"yoast-seo-meta-tag\" \/>\n<meta property=\"og:type\" content=\"article\" class=\"yoast-seo-meta-tag\" \/>\n<meta property=\"og:title\" content=\"Pagar facturas\" class=\"yoast-seo-meta-tag\" \/>\n<meta property=\"og:description\" content=\"Paga tu factura USA Translate dispone de excelentes m\u00e9todos de pago para sus clientes. Somos una empresa de traducci\u00f3n internacional y sabemos lo\" class=\"yoast-seo-meta-tag\" \/>\n<meta property=\"og:url\" content=\"https:\/\/www.usatranslate.com\/es\/pagar-facturas-2\/\" class=\"yoast-seo-meta-tag\" \/>\n<meta property=\"og:site_name\" content=\"USA Translate\" class=\"yoast-seo-meta-tag\" \/>\n<meta property=\"article:publisher\" content=\"https:\/\/www.facebook.com\/USAtranslate\" class=\"yoast-seo-meta-tag\" \/>\n<meta property=\"article:modified_time\" content=\"2024-06-28T08:49:23+00:00\" class=\"yoast-seo-meta-tag\" \/>\n<meta property=\"og:image\" content=\"https:\/\/www.usatranslate.com\/wp-content\/uploads\/2016\/09\/payment-page-usa-translate.jpg\" class=\"yoast-seo-meta-tag\" \/>\n\t<meta property=\"og:image:width\" content=\"1800\" class=\"yoast-seo-meta-tag\" \/>\n\t<meta property=\"og:image:height\" content=\"469\" class=\"yoast-seo-meta-tag\" \/>\n\t<meta property=\"og:image:type\" content=\"image\/jpeg\" class=\"yoast-seo-meta-tag\" \/>\n<meta name=\"twitter:card\" content=\"summary_large_image\" class=\"yoast-seo-meta-tag\" \/>\n<meta name=\"twitter:site\" content=\"@UsaTranslate\" class=\"yoast-seo-meta-tag\" \/>\n<meta name=\"twitter:label1\" content=\"Tiempo de lectura\" class=\"yoast-seo-meta-tag\" \/>\n\t<meta name=\"twitter:data1\" content=\"7 minutos\" class=\"yoast-seo-meta-tag\" \/>\n<!-- \/ Yoast SEO Premium plugin. -->","yoast_head_json":{"title":"Paga tu factura para garantizar transacciones fluidas","description":"Paga de forma segura tu factura de USA Translate con PayPal, tarjetas de cr\u00e9dito, Ideal o Bancontact a trav\u00e9s de los mejores procesadores de pagos.","robots":{"index":"index","follow":"follow","max-snippet":"max-snippet:-1","max-image-preview":"max-image-preview:large","max-video-preview":"max-video-preview:-1"},"canonical":"https:\/\/www.usatranslate.com\/es\/pagar-facturas-2\/","og_locale":"es_ES","og_type":"article","og_title":"Pagar facturas","og_description":"Paga tu factura USA Translate dispone de excelentes m\u00e9todos de pago para sus clientes. Somos una empresa de traducci\u00f3n internacional y sabemos lo","og_url":"https:\/\/www.usatranslate.com\/es\/pagar-facturas-2\/","og_site_name":"USA Translate","article_publisher":"https:\/\/www.facebook.com\/USAtranslate","article_modified_time":"2024-06-28T08:49:23+00:00","og_image":[{"width":1800,"height":469,"url":"https:\/\/www.usatranslate.com\/wp-content\/uploads\/2016\/09\/payment-page-usa-translate.jpg","type":"image\/jpeg"}],"twitter_card":"summary_large_image","twitter_site":"@UsaTranslate","twitter_misc":{"Tiempo de lectura":"7 minutos"},"schema":{"@context":"https:\/\/schema.org","@graph":[{"@type":"WebPage","@id":"https:\/\/www.usatranslate.com\/es\/pagar-facturas-2\/","url":"https:\/\/www.usatranslate.com\/es\/pagar-facturas-2\/","name":"Paga tu factura para garantizar transacciones fluidas","isPartOf":{"@id":"https:\/\/www.usatranslate.com\/es\/#website"},"primaryImageOfPage":{"@id":"https:\/\/www.usatranslate.com\/es\/pagar-facturas-2\/#primaryimage"},"image":{"@id":"https:\/\/www.usatranslate.com\/es\/pagar-facturas-2\/#primaryimage"},"thumbnailUrl":"https:\/\/www.usatranslate.com\/wp-content\/uploads\/2016\/09\/payment-page-usa-translate.jpg","datePublished":"2024-06-28T08:49:22+00:00","dateModified":"2024-06-28T08:49:23+00:00","description":"Paga de forma segura tu factura de USA Translate con PayPal, tarjetas de cr\u00e9dito, Ideal o Bancontact a trav\u00e9s de los mejores procesadores de pagos.","breadcrumb":{"@id":"https:\/\/www.usatranslate.com\/es\/pagar-facturas-2\/#breadcrumb"},"inLanguage":"es","potentialAction":[{"@type":"ReadAction","target":["https:\/\/www.usatranslate.com\/es\/pagar-facturas-2\/"]}]},{"@type":"ImageObject","inLanguage":"es","@id":"https:\/\/www.usatranslate.com\/es\/pagar-facturas-2\/#primaryimage","url":"https:\/\/www.usatranslate.com\/wp-content\/uploads\/2016\/09\/payment-page-usa-translate.jpg","contentUrl":"https:\/\/www.usatranslate.com\/wp-content\/uploads\/2016\/09\/payment-page-usa-translate.jpg","width":1800,"height":469,"caption":"payment page usa translate"},{"@type":"BreadcrumbList","@id":"https:\/\/www.usatranslate.com\/es\/pagar-facturas-2\/#breadcrumb","itemListElement":[{"@type":"ListItem","position":1,"name":"Home","item":"https:\/\/www.usatranslate.com\/es\/"},{"@type":"ListItem","position":2,"name":"Pagar facturas"}]},{"@type":"WebSite","@id":"https:\/\/www.usatranslate.com\/es\/#website","url":"https:\/\/www.usatranslate.com\/es\/","name":"USA Translate","description":"Agencia de servicios de traducci\u00f3n de calidad","publisher":{"@id":"https:\/\/www.usatranslate.com\/es\/#organization"},"potentialAction":[{"@type":"SearchAction","target":{"@type":"EntryPoint","urlTemplate":"https:\/\/www.usatranslate.com\/es\/?s={search_term_string}"},"query-input":{"@type":"PropertyValueSpecification","valueRequired":true,"valueName":"search_term_string"}}],"inLanguage":"es"},{"@type":"Organization","@id":"https:\/\/www.usatranslate.com\/es\/#organization","name":"USA Translate","url":"https:\/\/www.usatranslate.com\/es\/","logo":{"@type":"ImageObject","inLanguage":"es","@id":"https:\/\/www.usatranslate.com\/es\/#\/schema\/logo\/image\/","url":"https:\/\/www.usatranslate.com\/wp-content\/uploads\/2016\/06\/usatranslate-logo.png","contentUrl":"https:\/\/www.usatranslate.com\/wp-content\/uploads\/2016\/06\/usatranslate-logo.png","width":512,"height":512,"caption":"USA Translate"},"image":{"@id":"https:\/\/www.usatranslate.com\/es\/#\/schema\/logo\/image\/"},"sameAs":["https:\/\/www.facebook.com\/USAtranslate","https:\/\/x.com\/UsaTranslate","https:\/\/www.instagram.com\/usatranslate","https:\/\/www.linkedin.com\/company\/usa-translate","https:\/\/www.pinterest.com\/usatranslate01","https:\/\/www.youtube.com\/c\/Usatranslate"]}]}},"_links":{"self":[{"href":"https:\/\/www.usatranslate.com\/es\/wp-json\/wp\/v2\/pages\/21302","targetHints":{"allow":["GET"]}}],"collection":[{"href":"https:\/\/www.usatranslate.com\/es\/wp-json\/wp\/v2\/pages"}],"about":[{"href":"https:\/\/www.usatranslate.com\/es\/wp-json\/wp\/v2\/types\/page"}],"author":[{"embeddable":true,"href":"https:\/\/www.usatranslate.com\/es\/wp-json\/wp\/v2\/users\/1"}],"replies":[{"embeddable":true,"href":"https:\/\/www.usatranslate.com\/es\/wp-json\/wp\/v2\/comments?post=21302"}],"version-history":[{"count":3,"href":"https:\/\/www.usatranslate.com\/es\/wp-json\/wp\/v2\/pages\/21302\/revisions"}],"predecessor-version":[{"id":21309,"href":"https:\/\/www.usatranslate.com\/es\/wp-json\/wp\/v2\/pages\/21302\/revisions\/21309"}],"wp:featuredmedia":[{"embeddable":true,"href":"https:\/\/www.usatranslate.com\/es\/wp-json\/wp\/v2\/media\/7145"}],"wp:attachment":[{"href":"https:\/\/www.usatranslate.com\/es\/wp-json\/wp\/v2\/media?parent=21302"}],"curies":[{"name":"wp","href":"https:\/\/api.w.org\/{rel}","templated":true}]}}