{"id":2476,"date":"2013-01-31T10:50:29","date_gmt":"2013-01-31T10:50:29","guid":{"rendered":"https:\/\/www.usatranslate.com\/?page_id=2476"},"modified":"2024-06-28T07:40:24","modified_gmt":"2024-06-28T07:40:24","slug":"oportunidades","status":"publish","type":"page","link":"https:\/\/www.usatranslate.com\/es\/oportunidades\/","title":{"rendered":"Trabajos de traducci\u00f3n"},"content":{"rendered":"<div class=\"wpb-content-wrapper\"><p>[vc_row css_animation=&#8221;&#8221; row_type=&#8221;row&#8221; use_row_as_full_screen_section=&#8221;no&#8221; type=&#8221;grid&#8221; angled_section=&#8221;no&#8221; text_align=&#8221;left&#8221; background_image_as_pattern=&#8221;without_pattern&#8221; z_index=&#8221;&#8221;][vc_column][vc_empty_space][vc_column_text]<div class=\"breadcrumbs\" typeof=\"BreadcrumbList\" vocab=\"https:\/\/schema.org\/\">\n    <!-- Breadcrumb NavXT 7.4.1 -->\n<span property=\"itemListElement\" typeof=\"ListItem\"><a property=\"item\" typeof=\"WebPage\" title=\"Go to USA Translate.\" href=\"https:\/\/www.usatranslate.com\/es\/\" class=\"home\"><span property=\"name\">Home<\/span><\/a><meta property=\"position\" content=\"1\"><\/span><\/div>\n[\/vc_column_text][vc_empty_space][vc_column_text]<\/p>\n<h1 style=\"text-align: center;\"><span style=\"color: #99cc00;\">Trabajos de traductor, convi\u00e9rtete en traductor profesional<\/span><\/h1>\n<p>[\/vc_column_text][vc_empty_space][\/vc_column][\/vc_row][vc_row css_animation=&#8221;&#8221; row_type=&#8221;row&#8221; use_row_as_full_screen_section=&#8221;no&#8221; type=&#8221;grid&#8221; angled_section=&#8221;no&#8221; text_align=&#8221;left&#8221; background_image_as_pattern=&#8221;without_pattern&#8221; el_class=&#8221;jobs_row1&#8243; z_index=&#8221;&#8221;][vc_column width=&#8221;2\/3&#8243;][vc_column_text]<\/p>\n<h3><span style=\"color: #99cc00;\">C\u00f3mo conseguir m\u00e1s trabajos de traducci\u00f3n freelance<\/span><\/h3>\n<p><a title=\"USA Traducir\" href=\"https:\/\/www.usatranslate.com\/es\/\">USA Translate<\/a> es una empresa en expansi\u00f3n en el \u00e1mbito de actividad de la traducci\u00f3n de idiomas.<\/p>\n<p>Siempre <span data-dobid=\"hdw\">nos entusiasma<\/span> entrevistar a personas con experiencia que busquen trabajos de traducci\u00f3n o de traductor aut\u00f3nomo y que est\u00e9n interesadas en trabajar y desarrollar sus habilidades, evolucionando constantemente desde el punto de vista profesional.<\/p>\n<p>Si eres bueno en lo que haces y buscas un trabajo a tiempo completo o a tiempo parcial, no pierdas m\u00e1s el tiempo y solicita trabajar como traductor profesional en el campo de la traducci\u00f3n de idiomas.<\/p>\n<p>Trabajando con nosotros tienes la oportunidad de conseguir m\u00e1s encargos mientras trabajas con traductores profesionales y gestores de proyectos. Tambi\u00e9n somos una de las empresas m\u00e1s r\u00e1pidas en pagar a nuestros traductores: pagamos a principios del mes siguiente por todos los proyectos completados durante el mes en curso, y podemos enviarte el dinero por PayPal o Payoneer.[\/vc_column_text][\/vc_column][vc_column width=&#8221;1\/3&#8243;][vc_single_image image=&#8221;6321&#8243; img_size=&#8221;large&#8221; alignment=&#8221;center&#8221; qode_css_animation=&#8221;&#8221;][\/vc_column][\/vc_row][vc_row css_animation=&#8221;&#8221; row_type=&#8221;row&#8221; use_row_as_full_screen_section=&#8221;no&#8221; type=&#8221;grid&#8221; angled_section=&#8221;no&#8221; text_align=&#8221;left&#8221; background_image_as_pattern=&#8221;without_pattern&#8221; el_class=&#8221;jobs_row1&#8243; z_index=&#8221;&#8221;][vc_column width=&#8221;1\/3&#8243;][vc_empty_space][vc_empty_space][vc_single_image image=&#8221;13429&#8243; img_size=&#8221;large&#8221; alignment=&#8221;center&#8221; qode_css_animation=&#8221;element_from_left&#8221;][\/vc_column][vc_column width=&#8221;2\/3&#8243;][vc_empty_space][vc_column_text]Conseguir un trabajo decente en la industria del marketing actual no es tan dif\u00edcil. Si tienes un conocimiento adecuado del fen\u00f3meno, una titulaci\u00f3n completa y una comprensi\u00f3n m\u00e1s profunda de las t\u00e1cticas y t\u00e9cnicas del negocio de la publicidad, podr\u00e1s conseguir un buen trabajo. Pero el marketing no se limita a redactar el texto de los banners, ni a ofrecer promociones en Facebook, sino que tiene un alcance bastante amplio y los servicios de traducci\u00f3n tambi\u00e9n se han convertido en una parte inevitable del sistema.<\/p>\n<p>Justo despu\u00e9s de la llegada de la Globalizaci\u00f3n, el mundo entero cambi\u00f3 a una tendencia de difusi\u00f3n de conocimientos, noticias y negocios entre una audiencia global. Fue entonces cuando surgi\u00f3 la idea de utilizar el lenguaje para difundir las empresas. Si eres traductor y buscas trabajo, el marketing tambi\u00e9n es un buen nicho para ti. Puedes especializarte en localizaci\u00f3n de aplicaciones, localizaci\u00f3n de sitios web y traducci\u00f3n, e incluso puedes proporcionar actualizaciones de redes sociales para empresas.<\/p>\n<p>Si lo que buscas es una relaci\u00f3n laboral a largo plazo, puedes trabajar en asociaci\u00f3n con una marca o una empresa que necesite constantemente un traductor para sus necesidades de marketing y publicidad. No es s\u00f3lo un buen trabajo, sino tambi\u00e9n una buena oportunidad de aprendizaje.<br \/>\n[\/vc_column_text][\/vc_column][\/vc_row][vc_row css_animation=&#8221;&#8221; row_type=&#8221;row&#8221; use_row_as_full_screen_section=&#8221;no&#8221; type=&#8221;grid&#8221; angled_section=&#8221;no&#8221; text_align=&#8221;left&#8221; background_image_as_pattern=&#8221;without_pattern&#8221; el_class=&#8221;jobs_row2&#8243; z_index=&#8221;&#8221;][vc_column][vc_empty_space][vc_row_inner row_type=&#8221;row&#8221; type=&#8221;full_width&#8221; text_align=&#8221;left&#8221; css_animation=&#8221;&#8221; el_class=&#8221;jobs_row3&#8243;][vc_column_inner width=&#8221;1\/3&#8243;][vc_single_image image=&#8221;6327&#8243; img_size=&#8221;medium&#8221; alignment=&#8221;center&#8221; qode_css_animation=&#8221;&#8221; title=&#8221;plan de formaci\u00f3n&#8221;][\/vc_column_inner][vc_column_inner width=&#8221;1\/3&#8243;][vc_single_image image=&#8221;6329&#8243; img_size=&#8221;medium&#8221; alignment=&#8221;center&#8221; qode_css_animation=&#8221;&#8221; title=&#8221;  estrategia&#8221;][\/vc_column_inner][vc_column_inner width=&#8221;1\/3&#8243;][vc_single_image image=&#8221;6325&#8243; img_size=&#8221;medium&#8221; alignment=&#8221;center&#8221; qode_css_animation=&#8221;&#8221; title=&#8221;Prueba de traductor&#8221;][\/vc_column_inner][\/vc_row_inner][vc_empty_space][\/vc_column][\/vc_row][vc_row css_animation=&#8221;&#8221; row_type=&#8221;row&#8221; use_row_as_full_screen_section=&#8221;no&#8221; type=&#8221;grid&#8221; angled_section=&#8221;no&#8221; text_align=&#8221;left&#8221; background_image_as_pattern=&#8221;without_pattern&#8221; el_class=&#8221;jobs_row4&#8243; z_index=&#8221;&#8221;][vc_column width=&#8221;1\/3&#8243;][vc_single_image image=&#8221;6323&#8243; img_size=&#8221;medium&#8221; alignment=&#8221;center&#8221; qode_css_animation=&#8221;&#8221;][\/vc_column][vc_column width=&#8221;2\/3&#8243;][vc_column_text]<\/p>\n<h3><span style=\"color: #99cc00;\">Trabajos de traducci\u00f3n disponibles:<\/span><\/h3>\n<ul>\n<li>Trabajos de traductor &#8211; hazte traductor<\/li>\n<li>Trabajos de traducci\u00f3n<\/li>\n<li>Autoedici\u00f3n<\/li>\n<li>Tecnolog\u00eda de la informaci\u00f3n (TI)<\/li>\n<li>Trabajos de Jefe de Proyecto<\/li>\n<\/ul>\n<p>Si te encuentras dentro del campo Requisitos del puesto Empieza a solicitar nuestras ofertas de empleo .<\/p>\n<p>Conv\u00e9ncete de que \u00e9ste es el lugar donde se aprecia tu trabajo y tus conocimientos se consideran la habilidad m\u00e1s preciada.<\/p>\n<p>\u00bfTodo lo que tienes que hacer? Aprovecha nuestros trabajos de traducci\u00f3n freelance y sorpr\u00e9ndenos con tus habilidades especiales &#8211; \u00a1Encuentra el trabajo de tus sue\u00f1os con USA Translate![\/vc_column_text][vc_empty_space][\/vc_column][\/vc_row][vc_row css_animation=&#8221;&#8221; row_type=&#8221;row&#8221; use_row_as_full_screen_section=&#8221;no&#8221; type=&#8221;grid&#8221; angled_section=&#8221;no&#8221; text_align=&#8221;left&#8221; background_image_as_pattern=&#8221;without_pattern&#8221; el_class=&#8221;jobs_row1&#8243; z_index=&#8221;&#8221;][vc_column width=&#8221;2\/3&#8243;][vc_column_text]<\/p>\n<h3><span style=\"color: #99cc00;\">Trabajos de traducci\u00f3n freelance &#8211; \u00a1USA Translate te quiere!<\/span><\/h3>\n<p>\u00bfEst\u00e1s buscando trabajos de traducci\u00f3n como traductor aut\u00f3nomo y crees que tal vez encajas bien, pero que necesitar\u00e1s formaci\u00f3n? \u00bfQuieres aprender el oficio y convertirte en traductor profesional de por vida porque te encantan los idiomas? He aqu\u00ed por qu\u00e9 deber\u00edas visitarnos<\/p>\n<h5><span style=\"color: #99cc00;\">Somos muy respetados<\/span><\/h5>\n<p>Somos una <a href=\"https:\/\/www.usatranslate.com\/es\/calidad-y-tarifas\/what-does-iso-stand-for\/\">empresa con certificaci\u00f3n<\/a> ISO que cuenta con un amplio abanico de clientes de todo el mundo. Somos leg\u00edtimos y respetados. Una vez que trabajes con nosotros, tu experiencia contar\u00e1 seriamente en la industria de la traducci\u00f3n como viable, y ser\u00e1s valorado por tus clientes. Si finalmente quieres trabajar como aut\u00f3nomo para conseguir trabajos de traductor y has tenido una buena experiencia laboral con nosotros, no dudes en decirles que nos llamen.<\/p>\n<h5><span style=\"color: #99cc00;\">\u00bfPor qu\u00e9 es importante?<\/span><\/h5>\n<p>Eres nuevo en esta industria, y no sabes que la mayor preocupaci\u00f3n de muchas personas en el proceso de validaci\u00f3n y credibilidad. El traductor necesita buenas cr\u00edticas de antiguos clientes, o el nuevo cliente ser\u00e1 reacio a pedirle un encargo. La agencia ser\u00e1 tu mejor revisor con una amplia gama de trabajos y una revisi\u00f3n exhaustiva de tu rendimiento. Somos una forma estupenda de poner en marcha tu carrera como traductor.[\/vc_column_text][vc_empty_space][\/vc_column][vc_column width=&#8221;1\/3&#8243;][vc_single_image image=&#8221;10374&#8243; img_size=&#8221;large&#8221; alignment=&#8221;center&#8221; qode_css_animation=&#8221;&#8221;][\/vc_column][\/vc_row][vc_row css_animation=&#8221;&#8221; row_type=&#8221;row&#8221; use_row_as_full_screen_section=&#8221;no&#8221; type=&#8221;grid&#8221; angled_section=&#8221;no&#8221; text_align=&#8221;left&#8221; background_image_as_pattern=&#8221;without_pattern&#8221; el_class=&#8221;jobs_row4&#8243; z_index=&#8221;&#8221;][vc_column width=&#8221;1\/3&#8243;][vc_single_image image=&#8221;10376&#8243; img_size=&#8221;medium&#8221; alignment=&#8221;center&#8221; qode_css_animation=&#8221;&#8221;][\/vc_column][vc_column width=&#8221;2\/3&#8243;][vc_column_text]<\/p>\n<h3><span style=\"color: #99cc00;\">Venimos muy recomendados<\/span><\/h3>\n<p>No somos una empresa de trastienda; somos una aut\u00e9ntica <a href=\"https:\/\/www.usatranslate.com\/es\/quienes-somos\/\">empresa de traducci\u00f3n en El Paso, TX<\/a>. Somos una empresa con certificaci\u00f3n ISO, con diecis\u00e9is a\u00f1os de experiencia y notables nombres corporativos en nuestra lista. Cuando hayas trabajado con nuestros clientes de alto nivel, tu CV hablar\u00e1 por ti.<\/p>\n<p>Supongamos que empiezas solo, \u00bfc\u00f3mo te ir\u00e1? Te convertir\u00e1s en miembro de un portal de trabajos de traducci\u00f3n aut\u00f3nomos y ofertar\u00e1s las tarifas m\u00e1s bajas. No es necesario que lo hagas con nosotros, ya que nosotros mismos cobramos tarifas justas. Tambi\u00e9n podr\u00e1s trabajar en encargos de traducci\u00f3n amplios y diversos que mejorar\u00e1n exponencialmente tus habilidades, y eso lo es todo. Si no eres capaz de traducir bien cuando consigues un cliente, entonces no tiene sentido hacerlo todo. No obtendr\u00e1s una buena experiencia, y te ser\u00e1 dif\u00edcil conseguir trabajo y conservarlo.<\/p>\n<p>La exposici\u00f3n a tareas dif\u00edciles y que invitan a la reflexi\u00f3n lo es todo en nuestro negocio. Una persona que puede realizar trabajos pulidos y profesionales es adecuada para el negocio, y la que no puede, es mala para el negocio. Es un simple hecho que hace o deshace carreras cuando se trata de nuestro campo.<\/p>\n<p>Si quieres conseguir m\u00e1s trabajos de traducci\u00f3n freelance, rellena el siguiente formulario y te enviaremos m\u00e1s informaci\u00f3n sobre c\u00f3mo empezar a trabajar con nosotros.[\/vc_column_text][vc_empty_space][\/vc_column][\/vc_row][vc_row css_animation=&#8221;&#8221; row_type=&#8221;row&#8221; use_row_as_full_screen_section=&#8221;no&#8221; type=&#8221;grid&#8221; angled_section=&#8221;no&#8221; text_align=&#8221;left&#8221; background_image_as_pattern=&#8221;without_pattern&#8221; el_class=&#8221;jobs_row5&#8243; z_index=&#8221;&#8221;][vc_column][vc_column_text]<\/p>\n<h3 style=\"text-align: center;\">Env\u00eda un mensaje:<\/h3>\n<p>[\/vc_column_text][contact-form-7 id=&#8221;2715&#8243; html_class=&#8221;default&#8221; title=&#8221;Send a message&#8221;][vc_empty_space][\/vc_column][\/vc_row][vc_row css_animation=&#8221;&#8221; row_type=&#8221;row&#8221; use_row_as_full_screen_section=&#8221;no&#8221; type=&#8221;grid&#8221; angled_section=&#8221;no&#8221; text_align=&#8221;left&#8221; background_image_as_pattern=&#8221;without_pattern&#8221; el_class=&#8221;jobs_row1&#8243; z_index=&#8221;&#8221;][vc_column width=&#8221;2\/3&#8243;][vc_column_text]<\/p>\n<h3><span style=\"color: #99cc00;\">5 ventajas de ser traductor<\/span><\/h3>\n<ol>\n<li><strong>  Servir de red<\/strong><\/li>\n<\/ol>\n<p>S\u00ed, la ventaja m\u00e1s significativa de conseguir un trabajo de traductor es que act\u00faas como puente entre dos entidades que pertenecen a una lengua y un entorno diferentes. Como traductor, prestas un servicio excepcional al servir de medio entre dos lenguas. Act\u00faas como conexi\u00f3n entre dos culturas, dos lenguas y dos personas.<\/p>\n<ol start=\"2\">\n<li><strong>  Tu cerebro funciona mejor<\/strong><\/li>\n<\/ol>\n<p>Como traductor que domina m\u00e1s de un idioma, puedes considerarte una de las personas m\u00e1s inteligentes del planeta. Tu capacidad de aprendizaje se vuelve mejor que la de otras personas.<\/p>\n<ol start=\"3\">\n<li><strong>  Aumento de la demanda<\/strong><\/li>\n<\/ol>\n<p>La necesidad de un traductor es muy importante para atraer clientes que inviertan en sus empresas. Esto provoca una mayor demanda de puestos de traductor en las empresas y la necesidad de muchos traductores expertos en varios idiomas.<\/p>\n<ol start=\"4\">\n<li><strong>  Aprende algo nuevo cada vez<\/strong><\/li>\n<\/ol>\n<p>Al convertirte en traductor, te mantienes un paso por delante de los dem\u00e1s para conocer y aprender algo diferente y \u00fanico.<\/p>\n<ol start=\"5\">\n<li><strong>  Relaci\u00f3n calidad-precio<\/strong><\/li>\n<\/ol>\n<p>Hoy en d\u00eda las empresas pagan buenos sueldos a los traductores que ayudan en la comunicaci\u00f3n con personas de otra cultura o lengua.<\/p>\n<ol start=\"6\">\n<li><strong>  M\u00e1s lengua m\u00e1s sueldo<\/strong><\/li>\n<\/ol>\n<p>Lo anterior es evidente. Este campo tiene la ventaja de ampliar tus arsenales de aprendizaje y conocimiento.[\/vc_column_text][vc_empty_space][\/vc_column][vc_column width=&#8221;1\/3&#8243;][vc_single_image image=&#8221;11619&#8243; img_size=&#8221;large&#8221; alignment=&#8221;center&#8221; qode_css_animation=&#8221;&#8221;][\/vc_column][\/vc_row][vc_row css_animation=&#8221;&#8221; row_type=&#8221;row&#8221; use_row_as_full_screen_section=&#8221;no&#8221; type=&#8221;full_width&#8221; angled_section=&#8221;no&#8221; text_align=&#8221;left&#8221; background_image_as_pattern=&#8221;without_pattern&#8221;][vc_column][vc_empty_space]<div class=\"call_to_action normal\" style=\"\"><div class=\"container_inner\"><div class=\"two_columns_75_25 clearfix\"><div class=\"text_wrapper column1\"><div class=\"call_to_action_text \" style=\"\">Estamos disponibles 24 horas al d\u00eda, 7 d\u00edas a la semana. \u00a1P\u00f3ngase en contacto con nuestros gestores de proyectos ahora mismo!<\/div><\/div><div class=\"button_wrapper column2\"><a itemprop=\"url\" href=\"https:\/\/www.usatranslate.com\/chat-popup\/\" class=\"qbutton white \" target=\"_blank\" style=\"\" >Chat en directo<\/a><\/div><\/div><\/div><\/div>[\/vc_column][\/vc_row]<\/p>\n<\/div>","protected":false},"excerpt":{"rendered":"<p>[vc_row css_animation=&#8221;&#8221; row_type=&#8221;row&#8221; use_row_as_full_screen_section=&#8221;no&#8221; type=&#8221;grid&#8221; angled_section=&#8221;no&#8221; text_align=&#8221;left&#8221; background_image_as_pattern=&#8221;without_pattern&#8221; z_index=&#8221;&#8221;][vc_column][vc_empty_space][vc_column_text][\/vc_column_text][vc_empty_space][vc_column_text] Trabajos de traductor, convi\u00e9rtete en traductor profesional [\/vc_column_text][vc_empty_space][\/vc_column][\/vc_row][vc_row css_animation=&#8221;&#8221; row_type=&#8221;row&#8221; use_row_as_full_screen_section=&#8221;no&#8221; type=&#8221;grid&#8221; angled_section=&#8221;no&#8221; text_align=&#8221;left&#8221; background_image_as_pattern=&#8221;without_pattern&#8221; el_class=&#8221;jobs_row1&#8243; z_index=&#8221;&#8221;][vc_column width=&#8221;2\/3&#8243;][vc_column_text] C\u00f3mo conseguir m\u00e1s&#8230;<\/p>\n","protected":false},"author":1,"featured_media":6793,"parent":0,"menu_order":0,"comment_status":"open","ping_status":"open","template":"full_width.php","meta":{"_acf_changed":false,"footnotes":""},"class_list":["post-2476","page","type-page","status-publish","has-post-thumbnail","hentry"],"acf":[],"yoast_head":"<!-- This site is optimized with the Yoast SEO Premium plugin v25.7.1 (Yoast SEO v25.7) - https:\/\/yoast.com\/wordpress\/plugins\/seo\/ -->\n<title>Encuentra trabajos de traductor aut\u00f3nomo para Traducci\u00f3n<\/title>\n<meta name=\"description\" content=\"USA Translate siempre est\u00e1 buscando traductores profesionales para unirse a nuestro equipo y siempre tenemos trabajos de traducci\u00f3n o de traductor disponibles para ti.\" class=\"yoast-seo-meta-tag\" \/>\n<meta name=\"robots\" content=\"index, follow, max-snippet:-1, max-image-preview:large, max-video-preview:-1\" \/>\n<link rel=\"canonical\" href=\"https:\/\/www.usatranslate.com\/es\/oportunidades\/\" class=\"yoast-seo-meta-tag\" \/>\n<meta property=\"og:locale\" content=\"es_ES\" class=\"yoast-seo-meta-tag\" \/>\n<meta property=\"og:type\" content=\"article\" class=\"yoast-seo-meta-tag\" \/>\n<meta property=\"og:title\" content=\"Trabajos de traducci\u00f3n | Trabajos de traductor | Trabajos de traductor aut\u00f3nomo\" class=\"yoast-seo-meta-tag\" \/>\n<meta property=\"og:description\" content=\"USA Translate siempre est\u00e1 buscando traductores profesionales para unirse a nuestro equipo y siempre tenemos trabajos de traducci\u00f3n o de traductor disponibles para ti.\" class=\"yoast-seo-meta-tag\" \/>\n<meta property=\"og:url\" content=\"https:\/\/www.usatranslate.com\/es\/oportunidades\/\" class=\"yoast-seo-meta-tag\" \/>\n<meta property=\"og:site_name\" content=\"USA Translate\" class=\"yoast-seo-meta-tag\" \/>\n<meta property=\"article:publisher\" content=\"https:\/\/www.facebook.com\/USAtranslate\" class=\"yoast-seo-meta-tag\" \/>\n<meta property=\"article:modified_time\" content=\"2024-06-28T07:40:24+00:00\" class=\"yoast-seo-meta-tag\" \/>\n<meta property=\"og:image\" content=\"https:\/\/www.usatranslate.com\/wp-content\/uploads\/2016\/08\/jobs.jpg\" class=\"yoast-seo-meta-tag\" \/>\n<meta name=\"twitter:card\" content=\"summary_large_image\" class=\"yoast-seo-meta-tag\" \/>\n<meta name=\"twitter:title\" content=\"Trabajos de traducci\u00f3n\" class=\"yoast-seo-meta-tag\" \/>\n<meta name=\"twitter:description\" content=\"Trabajos de traductor, convi\u00e9rtete en traductor profesional C\u00f3mo conseguir m\u00e1s trabajos de traducci\u00f3n freelance USA Translate es una empresa en expansi\u00f3n\" class=\"yoast-seo-meta-tag\" \/>\n<meta name=\"twitter:site\" content=\"@UsaTranslate\" class=\"yoast-seo-meta-tag\" \/>\n<meta name=\"twitter:label1\" content=\"Tiempo de lectura\" class=\"yoast-seo-meta-tag\" \/>\n\t<meta name=\"twitter:data1\" content=\"10 minutos\" class=\"yoast-seo-meta-tag\" \/>\n<!-- \/ Yoast SEO Premium plugin. -->","yoast_head_json":{"title":"Encuentra trabajos de traductor aut\u00f3nomo para Traducci\u00f3n","description":"USA Translate siempre est\u00e1 buscando traductores profesionales para unirse a nuestro equipo y siempre tenemos trabajos de traducci\u00f3n o de traductor disponibles para ti.","robots":{"index":"index","follow":"follow","max-snippet":"max-snippet:-1","max-image-preview":"max-image-preview:large","max-video-preview":"max-video-preview:-1"},"canonical":"https:\/\/www.usatranslate.com\/es\/oportunidades\/","og_locale":"es_ES","og_type":"article","og_title":"Trabajos de traducci\u00f3n | Trabajos de traductor | Trabajos de traductor aut\u00f3nomo","og_description":"USA Translate siempre est\u00e1 buscando traductores profesionales para unirse a nuestro equipo y siempre tenemos trabajos de traducci\u00f3n o de traductor disponibles para ti.","og_url":"https:\/\/www.usatranslate.com\/es\/oportunidades\/","og_site_name":"USA Translate","article_publisher":"https:\/\/www.facebook.com\/USAtranslate","article_modified_time":"2024-06-28T07:40:24+00:00","og_image":[{"url":"https:\/\/www.usatranslate.com\/wp-content\/uploads\/2016\/08\/jobs.jpg","type":"","width":"","height":""}],"twitter_card":"summary_large_image","twitter_title":"Trabajos de traducci\u00f3n","twitter_description":"Trabajos de traductor, convi\u00e9rtete en traductor profesional C\u00f3mo conseguir m\u00e1s trabajos de traducci\u00f3n freelance USA Translate es una empresa en expansi\u00f3n","twitter_site":"@UsaTranslate","twitter_misc":{"Tiempo de lectura":"10 minutos"},"schema":{"@context":"https:\/\/schema.org","@graph":[{"@type":"WebPage","@id":"https:\/\/www.usatranslate.com\/es\/oportunidades\/","url":"https:\/\/www.usatranslate.com\/es\/oportunidades\/","name":"Encuentra trabajos de traductor aut\u00f3nomo para Traducci\u00f3n","isPartOf":{"@id":"https:\/\/www.usatranslate.com\/es\/#website"},"primaryImageOfPage":{"@id":"https:\/\/www.usatranslate.com\/es\/oportunidades\/#primaryimage"},"image":{"@id":"https:\/\/www.usatranslate.com\/es\/oportunidades\/#primaryimage"},"thumbnailUrl":"https:\/\/www.usatranslate.com\/wp-content\/uploads\/2016\/08\/jobs.jpg","datePublished":"2013-01-31T10:50:29+00:00","dateModified":"2024-06-28T07:40:24+00:00","description":"USA Translate siempre est\u00e1 buscando traductores profesionales para unirse a nuestro equipo y siempre tenemos trabajos de traducci\u00f3n o de traductor disponibles para ti.","breadcrumb":{"@id":"https:\/\/www.usatranslate.com\/es\/oportunidades\/#breadcrumb"},"inLanguage":"es","potentialAction":[{"@type":"ReadAction","target":["https:\/\/www.usatranslate.com\/es\/oportunidades\/"]}]},{"@type":"ImageObject","inLanguage":"es","@id":"https:\/\/www.usatranslate.com\/es\/oportunidades\/#primaryimage","url":"https:\/\/www.usatranslate.com\/wp-content\/uploads\/2016\/08\/jobs.jpg","contentUrl":"https:\/\/www.usatranslate.com\/wp-content\/uploads\/2016\/08\/jobs.jpg","width":1800,"height":469,"caption":"jobs"},{"@type":"BreadcrumbList","@id":"https:\/\/www.usatranslate.com\/es\/oportunidades\/#breadcrumb","itemListElement":[{"@type":"ListItem","position":1,"name":"Home","item":"https:\/\/www.usatranslate.com\/es\/"},{"@type":"ListItem","position":2,"name":"Trabajos de traducci\u00f3n"}]},{"@type":"WebSite","@id":"https:\/\/www.usatranslate.com\/es\/#website","url":"https:\/\/www.usatranslate.com\/es\/","name":"USA Translate","description":"Agencia de servicios de traducci\u00f3n de calidad","publisher":{"@id":"https:\/\/www.usatranslate.com\/es\/#organization"},"potentialAction":[{"@type":"SearchAction","target":{"@type":"EntryPoint","urlTemplate":"https:\/\/www.usatranslate.com\/es\/?s={search_term_string}"},"query-input":{"@type":"PropertyValueSpecification","valueRequired":true,"valueName":"search_term_string"}}],"inLanguage":"es"},{"@type":"Organization","@id":"https:\/\/www.usatranslate.com\/es\/#organization","name":"USA Translate","url":"https:\/\/www.usatranslate.com\/es\/","logo":{"@type":"ImageObject","inLanguage":"es","@id":"https:\/\/www.usatranslate.com\/es\/#\/schema\/logo\/image\/","url":"https:\/\/www.usatranslate.com\/wp-content\/uploads\/2016\/06\/usatranslate-logo.png","contentUrl":"https:\/\/www.usatranslate.com\/wp-content\/uploads\/2016\/06\/usatranslate-logo.png","width":512,"height":512,"caption":"USA Translate"},"image":{"@id":"https:\/\/www.usatranslate.com\/es\/#\/schema\/logo\/image\/"},"sameAs":["https:\/\/www.facebook.com\/USAtranslate","https:\/\/x.com\/UsaTranslate","https:\/\/www.instagram.com\/usatranslate","https:\/\/www.linkedin.com\/company\/usa-translate","https:\/\/www.pinterest.com\/usatranslate01","https:\/\/www.youtube.com\/c\/Usatranslate"]}]}},"_links":{"self":[{"href":"https:\/\/www.usatranslate.com\/es\/wp-json\/wp\/v2\/pages\/2476","targetHints":{"allow":["GET"]}}],"collection":[{"href":"https:\/\/www.usatranslate.com\/es\/wp-json\/wp\/v2\/pages"}],"about":[{"href":"https:\/\/www.usatranslate.com\/es\/wp-json\/wp\/v2\/types\/page"}],"author":[{"embeddable":true,"href":"https:\/\/www.usatranslate.com\/es\/wp-json\/wp\/v2\/users\/1"}],"replies":[{"embeddable":true,"href":"https:\/\/www.usatranslate.com\/es\/wp-json\/wp\/v2\/comments?post=2476"}],"version-history":[{"count":4,"href":"https:\/\/www.usatranslate.com\/es\/wp-json\/wp\/v2\/pages\/2476\/revisions"}],"predecessor-version":[{"id":21253,"href":"https:\/\/www.usatranslate.com\/es\/wp-json\/wp\/v2\/pages\/2476\/revisions\/21253"}],"wp:featuredmedia":[{"embeddable":true,"href":"https:\/\/www.usatranslate.com\/es\/wp-json\/wp\/v2\/media\/6793"}],"wp:attachment":[{"href":"https:\/\/www.usatranslate.com\/es\/wp-json\/wp\/v2\/media?parent=2476"}],"curies":[{"name":"wp","href":"https:\/\/api.w.org\/{rel}","templated":true}]}}